{"id":287,"date":"2024-12-06T16:06:26","date_gmt":"2024-12-06T15:06:26","guid":{"rendered":"http:\/\/www.hotelischiarimini.it\/?page_id=287"},"modified":"2024-12-09T12:11:04","modified_gmt":"2024-12-09T11:11:04","slug":"contatti","status":"publish","type":"page","link":"https:\/\/www.hotelischiarimini.it\/de\/contatti\/","title":{"rendered":"Kontakte"},"content":{"rendered":"<section class=\"wao-blocks-container container-fluid mb-5 g--bkg-light-01\"\n\t\t>\n    \n<div class=\"wao-blocks-row row\" >\n    \n\n<div class=\"col-12 col-md-12\"\n     \n\t \n\t>\n        \n<div class=\"mx-auto max-w-1280px p-5\">\n\n\n<div class=\"breadcrumb-block\"\n    >\n    <div class=\"text-secondary mx-auto text-center small\">\n        <a href=\"https:\/\/www.hotelischiarimini.it\/de\" rel=\"nofollow\" title=\"Startseite\">Startseite &gt;<\/a>\n        Kontakte    <\/div>\n<\/div>\n\n\n<h1 class=\"wp-block-heading has-text-align-center\">Kontakte<\/h1>\n\n\n\n<p class=\"has-text-align-center mb-4\">F\u00fcllen Sie das Formular aus, um Informationen oder einen individuellen Kostenvoranschlag anzufordern.<\/p>\n\n\n\n<div class=\"merida_root\" id=\"merida_block\"><\/div>\n\n<script>\nvar merida_config_merida_block = {\n    customerId: 3326 ,\n    showSuccessModal : true,\n    rootEl: \"merida_block\",\n    childrenAgeMax: 16,\n    childrenAgeMin: 0,\n    layout: \"default\",\n    language: \"de\",\n        phoneRequired: true,\n            theme : {\n        colors: {\n            primary: '#f6a400',\n            primaryTextAlt: '#ffffff',\n            secondary: '#6da6ba',\n            secondaryTextAlt: '#ffffff',\n            text: '#3e464c',\n            error: '#cc0033',\n            formBackground: '#cddae5',\n            label: '#4d4d4d',\n            labelInput: '#6da6ba',\n            labelInputActive: '#7ebd6d',\n            inputBackground: '#ffffff',\n            inputBorder: '#ffffff',\n            checkboxBorder: '#ffffff',\n        }\n    },\n    onSuccess : function(res) {\n        \n                        if (typeof(ga) !== 'undefined') {\n                   ga('send', 'event', 'Email', 'Invio', 'Form');\n                }\n                    }\n};\n\n(function(url, cb) {\n    var s = document.createElement(\"script\");\n    s.type = \"text\/javascript\";\n\n    if (s.readyState) { \/\/IE\n        s.onreadystatechange = function() {\n            if (s.readyState == \"loaded\" || s.readyState == \"complete\") {\n                s.onreadystatechange = null;\n                cb();\n            }\n        };\n    } else { \/\/Others\n        s.onload = function() {\n            cb();\n        };\n    }\n\n    s.src = url;\n    document.getElementsByTagName(\"head\")[0].appendChild(s);\n})(\"https:\/\/static.adriasonline.it\/merida\/latest\/merida.js\", function() {\n    window.aoForm = merida(merida_config_merida_block);\n});\n<\/script>\n\n<\/div>\n    <\/div>\n<\/div>\n<\/section>\n\n<section class=\"wao-blocks-container container-fluid mb-5\"\n\t\t>\n    \n<div class=\"wao-blocks-row row\" >\n    \n\n<div class=\"col-12 col-md-8\"\n     \n\t \n\t>\n        \n\n<h3 class=\"wp-block-heading has-text-align-center h1 mb-4\">Bewertungen<\/h3>\n\n\n<div id=\"innerblocks-slider-parent1\" data-wraparound='true' data-cellalign=\"right\" data-bglazyload=\"1\" data-freescroll=\"false\" data-autoplay=\"5000\" data-pauseautoplayonhover =\"true\" data-prevnextbuttons=\"false\" data-contain=\"true\" data-pagedots=\"true\" data-draggable=\"true\"  class=\"wrap-desktop js--flickity wao-blocks-slider innerblocks-slider-parent-51805\"  style=\"margin-bottom: 35px\">\n            <div class=\"col-12 col-md-12 col-lg-6 p-0\" style=\"height:auto\">\n            \n    <div \n        class='innerblocks-slider-child wao-blocks-innerblocks-slider-child' \n        >\n        \n<div class=\"p-4 g--bkg-light-01 m-2 min-h-450px\">\n\n\n<p class=\"has-text-align-left h3\"><strong>Urlaub \u2758 Paar<\/strong><\/p>\n\n\n<div class=\"separatore g--bkg-dark-02 mb-4\"><\/div>\n\n\n<p>Ausgezeichnetes Personal, sehr freundlich, zuvorkommend, kompetent.<br>Saubere Zimmer, zufriedenstellendes Fr\u00fchst\u00fcck, nur wenige Schritte vom Strand entfernt.<br>F\u00fcr ein 2-Sterne-Hotel mehr als zufrieden!<br>Nicht zuletzt: kein Problem mit meinem vierbeinigen Freund!<\/p>\n\n\n\n<p><em><strong>Luca Cocco \u2013 5\/5 Google<\/strong><\/em><\/p>\n\n\n<\/div>\n    <\/div>\n    <style>\n        @media screen and (max-width: 992px) {\n            .innerblocks-slider-child {\n                margin: auto !important;\n            }\n        }\n    <\/style>\n  \n\n        <\/div>\n            <div class=\"col-12 col-md-12 col-lg-6 p-0\" style=\"height:auto\">\n            \n    <div \n        class='innerblocks-slider-child wao-blocks-innerblocks-slider-child' \n        >\n        \n<div class=\"p-4 g--bkg-light-01 m-2  min-h-450px\">\n\n\n<p class=\"has-text-align-left h3\"><strong>Paarurlaub<\/strong><\/p>\n\n\n<div class=\"separatore g--bkg-dark-02 mb-4\"><\/div>\n\n\n<p>Ausgezeichnete Lage, sehr freundliches und hilfsbereites Personal, Zimmerausstattung etwas veraltet, aber alles vorhanden, was man braucht, sehr gutes Fr\u00fchst\u00fcck mit frisch zubereiteten Hei\u00dfgetr\u00e4nken. Wenn Sie auf der Suche nach Einfachheit und Komfort sind, empfehlen wir Ihnen diese Unterkunft.<\/p>\n\n\n\n<p><em><strong>Eleonora Zanardo \u2013 4\/5 Google<\/strong><\/em><\/p>\n\n\n<\/div>\n    <\/div>\n    <style>\n        @media screen and (max-width: 992px) {\n            .innerblocks-slider-child {\n                margin: auto !important;\n            }\n        }\n    <\/style>\n  \n\n        <\/div>\n            <div class=\"col-12 col-md-12 col-lg-6 p-0\" style=\"height:auto\">\n            \n    <div \n        class='innerblocks-slider-child wao-blocks-innerblocks-slider-child' \n        >\n        \n<div class=\"p-4 g--bkg-light-01 m-2 min-h-450px\">\n\n\n<p class=\"has-text-align-left h3\"><strong>Wirklich sch\u00f6nes Hotel<\/strong><\/p>\n\n\n<div class=\"separatore g--bkg-dark-02 mb-4\"><\/div>\n\n\n<p>Wirklich h\u00fcbsches und sauberes Hotel, sehr freundliches Personal, \u00e4u\u00dferst hilfsbereit und stets aufmerksam gegen\u00fcber den Bed\u00fcrfnissen der Hotelg\u00e4ste, zufriedenstellendes Fr\u00fchst\u00fcck, Hunde sind willkommen, was gro\u00dfartig ist, nur wenige Schritte vom freien Strand und den Strandb\u00e4dern entfernt, ausgezeichnete Lage, sehr angenehmer Aufenthalt.<\/p>\n\n\n\n<p><em><strong>Claudia Sarais \u2013 5\/5 Google<\/strong><\/em><\/p>\n\n\n<\/div>\n    <\/div>\n    <style>\n        @media screen and (max-width: 992px) {\n            .innerblocks-slider-child {\n                margin: auto !important;\n            }\n        }\n    <\/style>\n  \n\n        <\/div>\n            <div class=\"col-12 col-md-12 col-lg-6 p-0\" style=\"height:auto\">\n            \n    <div \n        class='innerblocks-slider-child wao-blocks-innerblocks-slider-child' \n        >\n        \n<div class=\"p-4 g--bkg-light-01 m-2 min-h-450px\">\n\n\n<p class=\"has-text-align-left h3\"><strong>Ausgezeichnet<\/strong><\/p>\n\n\n<div class=\"separatore g--bkg-dark-02 mb-4\"><\/div>\n\n\n<p>Ausgezeichnetes Hotel in sehr guter Lage in der N\u00e4he des Strandes, der Bushaltestelle, Gesch\u00e4ften usw. Gem\u00fctliche Zimmer, etwas kleines Badezimmer. Wir haben uns wohlgef\u00fchlt, das Personal an der Rezeption war sehr freundlich und zuvorkommend.<\/p>\n\n\n\n<p><em><strong>Riccardo Riggi \u2013 4\/5 Google<\/strong><\/em><\/p>\n\n\n<\/div>\n    <\/div>\n    <style>\n        @media screen and (max-width: 992px) {\n            .innerblocks-slider-child {\n                margin: auto !important;\n            }\n        }\n    <\/style>\n  \n        <\/div>\n    <\/div>\n<div id=\"innerblocks-slider-parent2\"  data-wraparound='true' data-cellalign=\"right\" data-bglazyload=\"1\" data-freescroll=\"false\" data-autoplay=\"5000\" data-pauseautoplayonhover =\"true\" data-prevnextbuttons=\"false\" data-contain=\"true\" data-pagedots=\"true\" data-draggable=\"true\" class=\"wrap-mobile js--flickity wao-blocks-slider innerblocks-slider-parent-51805\"  style=\"margin-bottom: 35px\">\n            <div class=\"col-12 col-md-12 col-lg-6 p-0\" style=\"height:auto\">\n            \n    <div \n        class='innerblocks-slider-child wao-blocks-innerblocks-slider-child' \n        >\n        \n<div class=\"p-4 g--bkg-light-01 m-2 min-h-450px\">\n\n\n<p class=\"has-text-align-left h3\"><strong>Urlaub \u2758 Paar<\/strong><\/p>\n\n\n<div class=\"separatore g--bkg-dark-02 mb-4\"><\/div>\n\n\n<p>Ausgezeichnetes Personal, sehr freundlich, zuvorkommend, kompetent.<br>Saubere Zimmer, zufriedenstellendes Fr\u00fchst\u00fcck, nur wenige Schritte vom Strand entfernt.<br>F\u00fcr ein 2-Sterne-Hotel mehr als zufrieden!<br>Nicht zuletzt: kein Problem mit meinem vierbeinigen Freund!<\/p>\n\n\n\n<p><em><strong>Luca Cocco \u2013 5\/5 Google<\/strong><\/em><\/p>\n\n\n<\/div>\n    <\/div>\n    <style>\n        @media screen and (max-width: 992px) {\n            .innerblocks-slider-child {\n                margin: auto !important;\n            }\n        }\n    <\/style>\n  \n\n        <\/div>\n            <div class=\"col-12 col-md-12 col-lg-6 p-0\" style=\"height:auto\">\n            \n    <div \n        class='innerblocks-slider-child wao-blocks-innerblocks-slider-child' \n        >\n        \n<div class=\"p-4 g--bkg-light-01 m-2  min-h-450px\">\n\n\n<p class=\"has-text-align-left h3\"><strong>Paarurlaub<\/strong><\/p>\n\n\n<div class=\"separatore g--bkg-dark-02 mb-4\"><\/div>\n\n\n<p>Ausgezeichnete Lage, sehr freundliches und hilfsbereites Personal, Zimmerausstattung etwas veraltet, aber alles vorhanden, was man braucht, sehr gutes Fr\u00fchst\u00fcck mit frisch zubereiteten Hei\u00dfgetr\u00e4nken. Wenn Sie auf der Suche nach Einfachheit und Komfort sind, empfehlen wir Ihnen diese Unterkunft.<\/p>\n\n\n\n<p><em><strong>Eleonora Zanardo \u2013 4\/5 Google<\/strong><\/em><\/p>\n\n\n<\/div>\n    <\/div>\n    <style>\n        @media screen and (max-width: 992px) {\n            .innerblocks-slider-child {\n                margin: auto !important;\n            }\n        }\n    <\/style>\n  \n\n        <\/div>\n            <div class=\"col-12 col-md-12 col-lg-6 p-0\" style=\"height:auto\">\n            \n    <div \n        class='innerblocks-slider-child wao-blocks-innerblocks-slider-child' \n        >\n        \n<div class=\"p-4 g--bkg-light-01 m-2 min-h-450px\">\n\n\n<p class=\"has-text-align-left h3\"><strong>Wirklich sch\u00f6nes Hotel<\/strong><\/p>\n\n\n<div class=\"separatore g--bkg-dark-02 mb-4\"><\/div>\n\n\n<p>Wirklich h\u00fcbsches und sauberes Hotel, sehr freundliches Personal, \u00e4u\u00dferst hilfsbereit und stets aufmerksam gegen\u00fcber den Bed\u00fcrfnissen der Hotelg\u00e4ste, zufriedenstellendes Fr\u00fchst\u00fcck, Hunde sind willkommen, was gro\u00dfartig ist, nur wenige Schritte vom freien Strand und den Strandb\u00e4dern entfernt, ausgezeichnete Lage, sehr angenehmer Aufenthalt.<\/p>\n\n\n\n<p><em><strong>Claudia Sarais \u2013 5\/5 Google<\/strong><\/em><\/p>\n\n\n<\/div>\n    <\/div>\n    <style>\n        @media screen and (max-width: 992px) {\n            .innerblocks-slider-child {\n                margin: auto !important;\n            }\n        }\n    <\/style>\n  \n\n        <\/div>\n            <div class=\"col-12 col-md-12 col-lg-6 p-0\" style=\"height:auto\">\n            \n    <div \n        class='innerblocks-slider-child wao-blocks-innerblocks-slider-child' \n        >\n        \n<div class=\"p-4 g--bkg-light-01 m-2 min-h-450px\">\n\n\n<p class=\"has-text-align-left h3\"><strong>Ausgezeichnet<\/strong><\/p>\n\n\n<div class=\"separatore g--bkg-dark-02 mb-4\"><\/div>\n\n\n<p>Ausgezeichnetes Hotel in sehr guter Lage in der N\u00e4he des Strandes, der Bushaltestelle, Gesch\u00e4ften usw. Gem\u00fctliche Zimmer, etwas kleines Badezimmer. Wir haben uns wohlgef\u00fchlt, das Personal an der Rezeption war sehr freundlich und zuvorkommend.<\/p>\n\n\n\n<p><em><strong>Riccardo Riggi \u2013 4\/5 Google<\/strong><\/em><\/p>\n\n\n<\/div>\n    <\/div>\n    <style>\n        @media screen and (max-width: 992px) {\n            .innerblocks-slider-child {\n                margin: auto !important;\n            }\n        }\n    <\/style>\n  \n        <\/div>\n    <\/div>\n    <\/div>\n\n\n<div class=\"col-12 col-md-4 g--bkg-dark-01 d-flex align-items-center\"\n     \n\t \n\t>\n        \n<div class=\"p-4\">\n\n\n<h3 class=\"wp-block-heading text-white h1 mb-4\">Newsletter<\/h3>\n\n\n<script src=\"https:\/\/www.google.com\/recaptcha\/enterprise.js?render=6LdKs-6Lc3xMIcAAAAAO2K3CkgGUYb6BcsBOk289jP7NUP\"><\/script>\n<div class=\"wao-blocks-newsletter-v2\">\n    \n<!--IMPORTANTE non cambiare il nome degli id, dei name, dei title, e la classe privacy link-privacy-policy -->\n<div class=\"l--box-newsletter\">\n\t<form id=\"iscrizione_newsletter\" class=\"custom\" autocomplete=\"OFF\" method=\"post\" name=\"iscrizione_newsletter\" action=\"\">\n\t\t<fieldset>\n\t\t\t<div class=\"form-group row\">\n\t\t\t\t<div class=\"col-12 mb-2 px-1\">\n\t\t\t\t\t<input id=\"news_nome\" class=\"form-control text-primary rounded-0\" name=\"nome\" type=\"text\" placeholder=\"Name*\">\n\t\t\t\t<\/div>\n\t\t\t\t<div class=\"col-12 mb-2 px-1\">\n\t\t\t\t\t<input id=\"news_email\" class=\"form-control text-primary rounded-0\" name=\"email\" type=\"text\" value=\"\" placeholder=\"E-Mail*\">\n\t\t\t\t<\/div>\n\t\t\t\t<div id=\"newsletter\" class=\"col-12 px-1\">\n\t\t\t\t\t<input id=\"news_privacy\" style=\"width: 30px; height: 30px;\" name=\"news_privacy\" type=\"checkbox\" value=\"on\">\n\t\t\t\t\t<label style=\"vertical-align: text-bottom; font-size: 20px; color: #ffffff;\" for=\"news_privacy\">\n\t\t\t\t\t\t*\n\t\t\t\t\t\t<small>\n\t\t\t\t\t\t\t<a class=\"privacy link-privacy-policy text-white\" style=\"cursor: pointer;\" title=\"Datenschutz\">\n\t\t\t\t\t\t\t\tIch akzeptiere die Datenschutzerkl\u00e4rung\n\t\t\t\t\t\t\t<\/a>\n\t\t\t\t\t\t<\/small>\n\t\t\t\t\t<\/label>\n\t\t\t\t<\/div>\n\t\t\t\t<div class=\"col-12 mb-2 px-1\">\n\t\t\t\t\t<button id=\"iscrizioneNewsletter\" class=\"btn btn-primary btn-block rounded-0\" type=\"submit\">\n\t\t\t\t\t\tAnmelden\n\t\t\t\t\t<\/button>\n\t\t\t\t\t<input name=\"dominio\" type=\"hidden\" value=\"https:\/\/www.hotelischiarimini.it\/de\/\">\n\t\t\t\t\t<input name=\"idHotel\" type=\"hidden\" value=\"\">\n\t\t\t\t\t<input name=\"lingua\" type=\"hidden\" value=\"it\">\n\t\t\t\t<\/div>\n\t\t\t<\/div>\n\t\t<\/fieldset>\n\t<input type=\"hidden\" name=\"trp-form-language\" value=\"de\"\/><\/form>\n<\/div>\n<div id=\"divAlert\" class=\"h-50 w-50 m-auto alert-info d-none\" style=\"position: fixed; top: 10px; left: 10px; right: 10px; bottom: 10px; z-index: 2000; overflow: auto;\">\n\t<div class=\"text-right\">\n\t\t<a class=\"btn btn-primary btn_chiudi\" href=\"javascript:void(0)\" onclick=\"location.reload(true);\"><i class=\"fa fa-times\" aria-hidden=\"true\"><\/i><\/a>\n\t<\/div>\n\t<div class=\"text-center alert-info l--align-middle-vertical\" style=\"height: calc(100% - 50px);\">\n\t\t<div class=\"logo\"><\/div>\n\t\t<div class=\"text-center h-50 w-50\"><i class=\"fa fa-paper-plane\" aria-hidden=\"true\"><\/i>\n\t\t\t<h4>Newsletter-Anmeldung erfolgreich abgeschlossen<\/h4>\n\t\t<\/div>\n\t<\/div>\n<\/div>\n<\/div>\n\n<\/div>\n    <\/div>\n<\/div>\n<\/section>\n\n<section class=\"wao-blocks-container container-fluid mb-5 g--bkg-light-02\"\n\t\t>\n    \n<div class=\"wao-blocks-row row\" >\n    \n\n<div class=\"col-12 col-md-12 p-5\"\n     \n\t \n\t>\n        \n\n<h3 class=\"wp-block-heading has-text-align-center h1 mb-4\">Unsere St\u00e4rken<\/h3>\n\n\n<div class=\"separatore g--bkg-dark-02 mb-4 mx-auto\"><\/div>\n\n<div id=\"innerblocks-slider-parent1\" data-wraparound='true' data-cellalign=\"right\" data-bglazyload=\"1\" data-freescroll=\"false\" data-autoplay=\"4000\" data-pauseautoplayonhover =\"true\" data-prevnextbuttons=\"true\" data-contain=\"true\" data-pagedots=\"false\" data-draggable=\"true\"  class=\"wrap-desktop js--flickity wao-blocks-slider arrow-bottom innerblocks-slider-parent-53094\"  >\n            <div class=\"col-12 col-md-6 col-lg-4 p-0\" style=\"height:700px\">\n            \n    <div \n        class='innerblocks-slider-child wao-blocks-innerblocks-slider-child' \n        >\n        \n<div class=\"p-4 text-uppercase text-center max-w-600px mx-auto\">\n<div class=\"\"><picture><img decoding=\"async\" src=\"https:\/\/www.hotelischiarimini.it\/wp-content\/uploads\/2025\/05\/img-posizione-02.jpg\" class=\"img-fluid\" alt=\"strategische Lage\"\/><\/picture><\/div>\n<span class=\"d-block  display-1 font-weight-bold text-secondary\">1<\/span>\n<span class=\"d-block h4\">In der N\u00e4he des Meeres und der Metromare<\/span>\n<div class=\"separatore-1 g--bkg-dark-02 my-4 mx-auto\"><\/div>\n<\/div>\n    <\/div>\n    <style>\n        @media screen and (max-width: 992px) {\n            .innerblocks-slider-child {\n                margin: auto !important;\n            }\n        }\n    <\/style>\n  \n\n        <\/div>\n            <div class=\"col-12 col-md-6 col-lg-4 p-0\" style=\"height:700px\">\n            \n    <div \n        class='innerblocks-slider-child wao-blocks-innerblocks-slider-child' \n        >\n        \n<div class=\"p-4 text-uppercase text-center max-w-600px mx-auto\">\n<div class=\"\"><picture><img decoding=\"async\" src=\"http:\/\/www.hotelischiarimini.it\/wp-content\/uploads\/2024\/12\/img-colazione.jpg\" class=\"img-fluid\"  alt=\"Unser Fr\u00fchst\u00fcck\"\/><\/picture><\/div>\n<span class=\"d-block display-1 font-weight-bold text-secondary\">2<\/span>\n<span class=\"d-block h4\">Kontinentales Fr\u00fchst\u00fcck<\/span>\n<div class=\"separatore-1 g--bkg-dark-02 my-4 mx-auto\"><\/div>\n<\/div>\n    <\/div>\n    <style>\n        @media screen and (max-width: 992px) {\n            .innerblocks-slider-child {\n                margin: auto !important;\n            }\n        }\n    <\/style>\n  \n\n        <\/div>\n            <div class=\"col-12 col-md-6 col-lg-4 p-0\" style=\"height:700px\">\n            \n    <div \n        class='innerblocks-slider-child wao-blocks-innerblocks-slider-child' \n        >\n        \n<div class=\"p-4 text-uppercase text-center max-w-600px mx-auto\">\n<div class=\"\"><picture><img decoding=\"async\" src=\"https:\/\/www.hotelischiarimini.it\/wp-content\/uploads\/2025\/05\/img-gestione-02.jpg\" class=\"img-fluid\"  alt=\"Hoteleingang\"\/><\/picture><\/div>\n<span class=\"d-block display-1 font-weight-bold text-secondary\">3<\/span>\n<span class=\"d-block h4\">Familienbetrieb<\/span>\n<div class=\"separatore-1 g--bkg-dark-02 my-4 mx-auto\"><\/div>\n<\/div>\n    <\/div>\n    <style>\n        @media screen and (max-width: 992px) {\n            .innerblocks-slider-child {\n                margin: auto !important;\n            }\n        }\n    <\/style>\n  \n\n        <\/div>\n            <div class=\"col-12 col-md-6 col-lg-4 p-0\" style=\"height:700px\">\n            \n    <div \n        class='innerblocks-slider-child wao-blocks-innerblocks-slider-child' \n        >\n        \n<div class=\"p-4 text-uppercase text-center max-w-600px mx-auto\">\n<div class=\"\"><picture><img decoding=\"async\" src=\"https:\/\/www.hotelischiarimini.it\/wp-content\/uploads\/2025\/01\/animali_ammessi.jpg\" class=\"img-fluid\"  alt=\"Haustiere erlaubt\"\/><\/picture><\/div>\n<span class=\"d-block display-1 font-weight-bold text-secondary\">4<\/span>\n<span class=\"d-block h4\">Haustiere erlaubt<\/span>\n<div class=\"separatore-1 g--bkg-dark-02 my-4 mx-auto\"><\/div>\n<\/div>\n    <\/div>\n    <style>\n        @media screen and (max-width: 992px) {\n            .innerblocks-slider-child {\n                margin: auto !important;\n            }\n        }\n    <\/style>\n  \n        <\/div>\n    <\/div>\n<div id=\"innerblocks-slider-parent2\"  data-wraparound='true' data-cellalign=\"right\" data-bglazyload=\"1\" data-freescroll=\"false\" data-autoplay=\"4000\" data-pauseautoplayonhover =\"true\" data-prevnextbuttons=\"true\" data-contain=\"true\" data-pagedots=\"false\" data-draggable=\"true\" class=\"wrap-mobile js--flickity wao-blocks-slider arrow-bottom innerblocks-slider-parent-53094\"  >\n            <div class=\"col-12 col-md-6 col-lg-4 p-0\" style=\"height:700px\">\n            \n    <div \n        class='innerblocks-slider-child wao-blocks-innerblocks-slider-child' \n        >\n        \n<div class=\"p-4 text-uppercase text-center max-w-600px mx-auto\">\n<div class=\"\"><picture><img decoding=\"async\" src=\"https:\/\/www.hotelischiarimini.it\/wp-content\/uploads\/2025\/05\/img-posizione-02.jpg\" class=\"img-fluid\" alt=\"strategische Lage\"\/><\/picture><\/div>\n<span class=\"d-block  display-1 font-weight-bold text-secondary\">1<\/span>\n<span class=\"d-block h4\">In der N\u00e4he des Meeres und der Metromare<\/span>\n<div class=\"separatore-1 g--bkg-dark-02 my-4 mx-auto\"><\/div>\n<\/div>\n    <\/div>\n    <style>\n        @media screen and (max-width: 992px) {\n            .innerblocks-slider-child {\n                margin: auto !important;\n            }\n        }\n    <\/style>\n  \n\n        <\/div>\n            <div class=\"col-12 col-md-6 col-lg-4 p-0\" style=\"height:700px\">\n            \n    <div \n        class='innerblocks-slider-child wao-blocks-innerblocks-slider-child' \n        >\n        \n<div class=\"p-4 text-uppercase text-center max-w-600px mx-auto\">\n<div class=\"\"><picture><img decoding=\"async\" src=\"http:\/\/www.hotelischiarimini.it\/wp-content\/uploads\/2024\/12\/img-colazione.jpg\" class=\"img-fluid\"  alt=\"Unser Fr\u00fchst\u00fcck\"\/><\/picture><\/div>\n<span class=\"d-block display-1 font-weight-bold text-secondary\">2<\/span>\n<span class=\"d-block h4\">Kontinentales Fr\u00fchst\u00fcck<\/span>\n<div class=\"separatore-1 g--bkg-dark-02 my-4 mx-auto\"><\/div>\n<\/div>\n    <\/div>\n    <style>\n        @media screen and (max-width: 992px) {\n            .innerblocks-slider-child {\n                margin: auto !important;\n            }\n        }\n    <\/style>\n  \n\n        <\/div>\n            <div class=\"col-12 col-md-6 col-lg-4 p-0\" style=\"height:700px\">\n            \n    <div \n        class='innerblocks-slider-child wao-blocks-innerblocks-slider-child' \n        >\n        \n<div class=\"p-4 text-uppercase text-center max-w-600px mx-auto\">\n<div class=\"\"><picture><img decoding=\"async\" src=\"https:\/\/www.hotelischiarimini.it\/wp-content\/uploads\/2025\/05\/img-gestione-02.jpg\" class=\"img-fluid\"  alt=\"Hoteleingang\"\/><\/picture><\/div>\n<span class=\"d-block display-1 font-weight-bold text-secondary\">3<\/span>\n<span class=\"d-block h4\">Familienbetrieb<\/span>\n<div class=\"separatore-1 g--bkg-dark-02 my-4 mx-auto\"><\/div>\n<\/div>\n    <\/div>\n    <style>\n        @media screen and (max-width: 992px) {\n            .innerblocks-slider-child {\n                margin: auto !important;\n            }\n        }\n    <\/style>\n  \n\n        <\/div>\n            <div class=\"col-12 col-md-6 col-lg-4 p-0\" style=\"height:700px\">\n            \n    <div \n        class='innerblocks-slider-child wao-blocks-innerblocks-slider-child' \n        >\n        \n<div class=\"p-4 text-uppercase text-center max-w-600px mx-auto\">\n<div class=\"\"><picture><img decoding=\"async\" src=\"https:\/\/www.hotelischiarimini.it\/wp-content\/uploads\/2025\/01\/animali_ammessi.jpg\" class=\"img-fluid\"  alt=\"Haustiere erlaubt\"\/><\/picture><\/div>\n<span class=\"d-block display-1 font-weight-bold text-secondary\">4<\/span>\n<span class=\"d-block h4\">Haustiere erlaubt<\/span>\n<div class=\"separatore-1 g--bkg-dark-02 my-4 mx-auto\"><\/div>\n<\/div>\n    <\/div>\n    <style>\n        @media screen and (max-width: 992px) {\n            .innerblocks-slider-child {\n                margin: auto !important;\n            }\n        }\n    <\/style>\n  \n        <\/div>\n    <\/div>\n    <\/div>\n<\/div>\n<\/section>","protected":false},"excerpt":{"rendered":"","protected":false},"author":1,"featured_media":0,"parent":0,"menu_order":0,"comment_status":"closed","ping_status":"closed","template":"","meta":{"footnotes":""},"class_list":["post-287","page","type-page","status-publish","hentry"],"_links":{"self":[{"href":"https:\/\/www.hotelischiarimini.it\/de\/wp-json\/wp\/v2\/pages\/287","targetHints":{"allow":["GET"]}}],"collection":[{"href":"https:\/\/www.hotelischiarimini.it\/de\/wp-json\/wp\/v2\/pages"}],"about":[{"href":"https:\/\/www.hotelischiarimini.it\/de\/wp-json\/wp\/v2\/types\/page"}],"author":[{"embeddable":true,"href":"https:\/\/www.hotelischiarimini.it\/de\/wp-json\/wp\/v2\/users\/1"}],"replies":[{"embeddable":true,"href":"https:\/\/www.hotelischiarimini.it\/de\/wp-json\/wp\/v2\/comments?post=287"}],"version-history":[{"count":8,"href":"https:\/\/www.hotelischiarimini.it\/de\/wp-json\/wp\/v2\/pages\/287\/revisions"}],"predecessor-version":[{"id":515,"href":"https:\/\/www.hotelischiarimini.it\/de\/wp-json\/wp\/v2\/pages\/287\/revisions\/515"}],"wp:attachment":[{"href":"https:\/\/www.hotelischiarimini.it\/de\/wp-json\/wp\/v2\/media?parent=287"}],"curies":[{"name":"wp","href":"https:\/\/api.w.org\/{rel}","templated":true}]}}